{"id":1978,"date":"2019-10-29T14:21:15","date_gmt":"2020-11-25T14:51:43","guid":{"rendered":"https:\/\/www.lehub-privilodges.com\/studies-long-sejour\/"},"modified":"2025-08-30T09:24:02","modified_gmt":"2025-08-30T07:24:02","slug":"the-studies","status":"publish","type":"page","link":"https:\/\/www.lehub-privilodges.com\/en\/the-studies\/","title":{"rendered":"The st\u00fcdies"},"content":{"rendered":"","protected":false},"excerpt":{"rendered":"","protected":false},"author":2,"featured_media":0,"parent":0,"menu_order":14,"comment_status":"closed","ping_status":"closed","template":"","meta":{"_acf_changed":false,"inline_featured_image":false,"footnotes":""},"categories":[],"tags":[],"class_list":["post-1978","page","type-page","status-publish","hentry"],"acf":[],"yoast_head":"<!-- This site is optimized with the Yoast SEO plugin v27.3 - https:\/\/yoast.com\/product\/yoast-seo-wordpress\/ -->\n<title>Long S\u00e9jour Grenoble - Le H\u00fcb - Les Studies<\/title>\n<meta name=\"description\" content=\"R\u00e9sidence &amp; appartement long s\u00e9jour au centre de Grenoble ! En solo ou en colocation, le H\u00fcb propose des studios, des T2, des T3 et T4 tout confort !\" \/>\n<meta name=\"robots\" content=\"index, follow, max-snippet:-1, max-image-preview:large, max-video-preview:-1\" \/>\n<link rel=\"canonical\" href=\"https:\/\/www.lehub-privilodges.com\/en\/the-studies\/\" \/>\n<meta property=\"og:locale\" content=\"en_US\" \/>\n<meta property=\"og:type\" content=\"article\" \/>\n<meta property=\"og:title\" content=\"Long S\u00e9jour Grenoble - Le H\u00fcb - Les Studies\" \/>\n<meta property=\"og:description\" content=\"R\u00e9sidence &amp; appartement long s\u00e9jour au centre de Grenoble ! En solo ou en colocation, le H\u00fcb propose des studios, des T2, des T3 et T4 tout confort !\" \/>\n<meta property=\"og:url\" content=\"https:\/\/www.lehub-privilodges.com\/en\/the-studies\/\" \/>\n<meta property=\"og:site_name\" content=\"Le H\u00fcb\" \/>\n<meta property=\"article:modified_time\" content=\"2025-08-30T07:24:02+00:00\" \/>\n<meta name=\"twitter:card\" content=\"summary_large_image\" \/>\n<script type=\"application\/ld+json\" class=\"yoast-schema-graph\">{\"@context\":\"https:\\\/\\\/schema.org\",\"@graph\":[{\"@type\":\"WebPage\",\"@id\":\"https:\\\/\\\/www.lehub-privilodges.com\\\/en\\\/the-studies\\\/\",\"url\":\"https:\\\/\\\/www.lehub-privilodges.com\\\/en\\\/the-studies\\\/\",\"name\":\"Long S\u00e9jour Grenoble - Le H\u00fcb - Les Studies\",\"isPartOf\":{\"@id\":\"https:\\\/\\\/www.lehub-privilodges.com\\\/#website\"},\"datePublished\":\"2020-11-25T14:51:43+00:00\",\"dateModified\":\"2025-08-30T07:24:02+00:00\",\"description\":\"R\u00e9sidence & appartement long s\u00e9jour au centre de Grenoble ! En solo ou en colocation, le H\u00fcb propose des studios, des T2, des T3 et T4 tout confort !\",\"breadcrumb\":{\"@id\":\"https:\\\/\\\/www.lehub-privilodges.com\\\/en\\\/the-studies\\\/#breadcrumb\"},\"inLanguage\":\"en-US\",\"potentialAction\":[{\"@type\":\"ReadAction\",\"target\":[\"https:\\\/\\\/www.lehub-privilodges.com\\\/en\\\/the-studies\\\/\"]}]},{\"@type\":\"BreadcrumbList\",\"@id\":\"https:\\\/\\\/www.lehub-privilodges.com\\\/en\\\/the-studies\\\/#breadcrumb\",\"itemListElement\":[{\"@type\":\"ListItem\",\"position\":1,\"name\":\"Accueil\",\"item\":\"https:\\\/\\\/www.lehub-privilodges.com\\\/en\\\/\"},{\"@type\":\"ListItem\",\"position\":2,\"name\":\"The st\u00fcdies\"}]},{\"@type\":\"WebSite\",\"@id\":\"https:\\\/\\\/www.lehub-privilodges.com\\\/#website\",\"url\":\"https:\\\/\\\/www.lehub-privilodges.com\\\/\",\"name\":\"Le H\u00fcb\",\"description\":\"Connecteur de vies !\",\"potentialAction\":[{\"@type\":\"SearchAction\",\"target\":{\"@type\":\"EntryPoint\",\"urlTemplate\":\"https:\\\/\\\/www.lehub-privilodges.com\\\/?s={search_term_string}\"},\"query-input\":{\"@type\":\"PropertyValueSpecification\",\"valueRequired\":true,\"valueName\":\"search_term_string\"}}],\"inLanguage\":\"en-US\"}]}<\/script>\n<!-- \/ Yoast SEO plugin. -->","yoast_head_json":{"title":"Long S\u00e9jour Grenoble - Le H\u00fcb - Les Studies","description":"R\u00e9sidence & appartement long s\u00e9jour au centre de Grenoble ! En solo ou en colocation, le H\u00fcb propose des studios, des T2, des T3 et T4 tout confort !","robots":{"index":"index","follow":"follow","max-snippet":"max-snippet:-1","max-image-preview":"max-image-preview:large","max-video-preview":"max-video-preview:-1"},"canonical":"https:\/\/www.lehub-privilodges.com\/en\/the-studies\/","og_locale":"en_US","og_type":"article","og_title":"Long S\u00e9jour Grenoble - Le H\u00fcb - Les Studies","og_description":"R\u00e9sidence & appartement long s\u00e9jour au centre de Grenoble ! En solo ou en colocation, le H\u00fcb propose des studios, des T2, des T3 et T4 tout confort !","og_url":"https:\/\/www.lehub-privilodges.com\/en\/the-studies\/","og_site_name":"Le H\u00fcb","article_modified_time":"2025-08-30T07:24:02+00:00","twitter_card":"summary_large_image","schema":{"@context":"https:\/\/schema.org","@graph":[{"@type":"WebPage","@id":"https:\/\/www.lehub-privilodges.com\/en\/the-studies\/","url":"https:\/\/www.lehub-privilodges.com\/en\/the-studies\/","name":"Long S\u00e9jour Grenoble - Le H\u00fcb - Les Studies","isPartOf":{"@id":"https:\/\/www.lehub-privilodges.com\/#website"},"datePublished":"2020-11-25T14:51:43+00:00","dateModified":"2025-08-30T07:24:02+00:00","description":"R\u00e9sidence & appartement long s\u00e9jour au centre de Grenoble ! En solo ou en colocation, le H\u00fcb propose des studios, des T2, des T3 et T4 tout confort !","breadcrumb":{"@id":"https:\/\/www.lehub-privilodges.com\/en\/the-studies\/#breadcrumb"},"inLanguage":"en-US","potentialAction":[{"@type":"ReadAction","target":["https:\/\/www.lehub-privilodges.com\/en\/the-studies\/"]}]},{"@type":"BreadcrumbList","@id":"https:\/\/www.lehub-privilodges.com\/en\/the-studies\/#breadcrumb","itemListElement":[{"@type":"ListItem","position":1,"name":"Accueil","item":"https:\/\/www.lehub-privilodges.com\/en\/"},{"@type":"ListItem","position":2,"name":"The st\u00fcdies"}]},{"@type":"WebSite","@id":"https:\/\/www.lehub-privilodges.com\/#website","url":"https:\/\/www.lehub-privilodges.com\/","name":"Le H\u00fcb","description":"Connecteur de vies !","potentialAction":[{"@type":"SearchAction","target":{"@type":"EntryPoint","urlTemplate":"https:\/\/www.lehub-privilodges.com\/?s={search_term_string}"},"query-input":{"@type":"PropertyValueSpecification","valueRequired":true,"valueName":"search_term_string"}}],"inLanguage":"en-US"}]}},"_links":{"self":[{"href":"https:\/\/www.lehub-privilodges.com\/en\/wp-json\/wp\/v2\/pages\/1978","targetHints":{"allow":["GET"]}}],"collection":[{"href":"https:\/\/www.lehub-privilodges.com\/en\/wp-json\/wp\/v2\/pages"}],"about":[{"href":"https:\/\/www.lehub-privilodges.com\/en\/wp-json\/wp\/v2\/types\/page"}],"author":[{"embeddable":true,"href":"https:\/\/www.lehub-privilodges.com\/en\/wp-json\/wp\/v2\/users\/2"}],"replies":[{"embeddable":true,"href":"https:\/\/www.lehub-privilodges.com\/en\/wp-json\/wp\/v2\/comments?post=1978"}],"version-history":[{"count":17,"href":"https:\/\/www.lehub-privilodges.com\/en\/wp-json\/wp\/v2\/pages\/1978\/revisions"}],"predecessor-version":[{"id":2629,"href":"https:\/\/www.lehub-privilodges.com\/en\/wp-json\/wp\/v2\/pages\/1978\/revisions\/2629"}],"wp:attachment":[{"href":"https:\/\/www.lehub-privilodges.com\/en\/wp-json\/wp\/v2\/media?parent=1978"}],"wp:term":[{"taxonomy":"category","embeddable":true,"href":"https:\/\/www.lehub-privilodges.com\/en\/wp-json\/wp\/v2\/categories?post=1978"},{"taxonomy":"post_tag","embeddable":true,"href":"https:\/\/www.lehub-privilodges.com\/en\/wp-json\/wp\/v2\/tags?post=1978"}],"curies":[{"name":"wp","href":"https:\/\/api.w.org\/{rel}","templated":true}]}}