{"id":867,"date":"2019-04-16T13:59:16","date_gmt":"2019-04-16T11:59:16","guid":{"rendered":"https:\/\/www.lehub-privilodges.com\/les-evenements\/"},"modified":"2022-04-12T17:31:14","modified_gmt":"2022-04-12T15:31:14","slug":"les-evenements","status":"publish","type":"page","link":"https:\/\/www.lehub-privilodges.com\/en\/les-evenements\/","title":{"rendered":"Les \u00e9v\u00e9nements"},"content":{"rendered":"","protected":false},"excerpt":{"rendered":"","protected":false},"author":2,"featured_media":0,"parent":0,"menu_order":15,"comment_status":"closed","ping_status":"closed","template":"","meta":{"_acf_changed":false,"inline_featured_image":false,"footnotes":""},"categories":[],"tags":[],"class_list":["post-867","page","type-page","status-publish","hentry"],"acf":[],"yoast_head":"<!-- This site is optimized with the Yoast SEO plugin v27.4 - https:\/\/yoast.com\/product\/yoast-seo-wordpress\/ -->\n<title>Les \u00e9v\u00e8nements autour de Grenoble by Le H\u00fcb<\/title>\n<meta name=\"description\" content=\"Soire\u0301es a\u0300 the\u0300me, expositions, confe\u0301rences... Au Hu\u0308b, il se passe toujours quelque chose.Mais rassurez-vous, pas de tapage nocturne ;)\" \/>\n<meta name=\"robots\" content=\"index, follow, max-snippet:-1, max-image-preview:large, max-video-preview:-1\" \/>\n<link rel=\"canonical\" href=\"https:\/\/www.lehub-privilodges.com\/en\/les-evenements\/\" \/>\n<meta property=\"og:locale\" content=\"en_US\" \/>\n<meta property=\"og:type\" content=\"article\" \/>\n<meta property=\"og:title\" content=\"Les \u00e9v\u00e8nements autour de Grenoble by Le H\u00fcb\" \/>\n<meta property=\"og:description\" content=\"Soire\u0301es a\u0300 the\u0300me, expositions, confe\u0301rences... Au Hu\u0308b, il se passe toujours quelque chose.Mais rassurez-vous, pas de tapage nocturne ;)\" \/>\n<meta property=\"og:url\" content=\"https:\/\/www.lehub-privilodges.com\/en\/les-evenements\/\" \/>\n<meta property=\"og:site_name\" content=\"Le H\u00fcb\" \/>\n<meta property=\"article:modified_time\" content=\"2022-04-12T15:31:14+00:00\" \/>\n<meta name=\"twitter:card\" content=\"summary_large_image\" \/>\n<script type=\"application\/ld+json\" class=\"yoast-schema-graph\">{\"@context\":\"https:\\\/\\\/schema.org\",\"@graph\":[{\"@type\":\"WebPage\",\"@id\":\"https:\\\/\\\/www.lehub-privilodges.com\\\/en\\\/les-evenements\\\/\",\"url\":\"https:\\\/\\\/www.lehub-privilodges.com\\\/en\\\/les-evenements\\\/\",\"name\":\"Les \u00e9v\u00e8nements autour de Grenoble by Le H\u00fcb\",\"isPartOf\":{\"@id\":\"https:\\\/\\\/www.lehub-privilodges.com\\\/#website\"},\"datePublished\":\"2019-04-16T11:59:16+00:00\",\"dateModified\":\"2022-04-12T15:31:14+00:00\",\"description\":\"Soire\u0301es a\u0300 the\u0300me, expositions, confe\u0301rences... Au Hu\u0308b, il se passe toujours quelque chose.Mais rassurez-vous, pas de tapage nocturne ;)\",\"breadcrumb\":{\"@id\":\"https:\\\/\\\/www.lehub-privilodges.com\\\/en\\\/les-evenements\\\/#breadcrumb\"},\"inLanguage\":\"en-US\",\"potentialAction\":[{\"@type\":\"ReadAction\",\"target\":[\"https:\\\/\\\/www.lehub-privilodges.com\\\/en\\\/les-evenements\\\/\"]}]},{\"@type\":\"BreadcrumbList\",\"@id\":\"https:\\\/\\\/www.lehub-privilodges.com\\\/en\\\/les-evenements\\\/#breadcrumb\",\"itemListElement\":[{\"@type\":\"ListItem\",\"position\":1,\"name\":\"Accueil\",\"item\":\"https:\\\/\\\/www.lehub-privilodges.com\\\/en\\\/\"},{\"@type\":\"ListItem\",\"position\":2,\"name\":\"Les \u00e9v\u00e9nements\"}]},{\"@type\":\"WebSite\",\"@id\":\"https:\\\/\\\/www.lehub-privilodges.com\\\/#website\",\"url\":\"https:\\\/\\\/www.lehub-privilodges.com\\\/\",\"name\":\"Le H\u00fcb\",\"description\":\"Connecteur de vies !\",\"potentialAction\":[{\"@type\":\"SearchAction\",\"target\":{\"@type\":\"EntryPoint\",\"urlTemplate\":\"https:\\\/\\\/www.lehub-privilodges.com\\\/?s={search_term_string}\"},\"query-input\":{\"@type\":\"PropertyValueSpecification\",\"valueRequired\":true,\"valueName\":\"search_term_string\"}}],\"inLanguage\":\"en-US\"}]}<\/script>\n<!-- \/ Yoast SEO plugin. -->","yoast_head_json":{"title":"Les \u00e9v\u00e8nements autour de Grenoble by Le H\u00fcb","description":"Soire\u0301es a\u0300 the\u0300me, expositions, confe\u0301rences... Au Hu\u0308b, il se passe toujours quelque chose.Mais rassurez-vous, pas de tapage nocturne ;)","robots":{"index":"index","follow":"follow","max-snippet":"max-snippet:-1","max-image-preview":"max-image-preview:large","max-video-preview":"max-video-preview:-1"},"canonical":"https:\/\/www.lehub-privilodges.com\/en\/les-evenements\/","og_locale":"en_US","og_type":"article","og_title":"Les \u00e9v\u00e8nements autour de Grenoble by Le H\u00fcb","og_description":"Soire\u0301es a\u0300 the\u0300me, expositions, confe\u0301rences... Au Hu\u0308b, il se passe toujours quelque chose.Mais rassurez-vous, pas de tapage nocturne ;)","og_url":"https:\/\/www.lehub-privilodges.com\/en\/les-evenements\/","og_site_name":"Le H\u00fcb","article_modified_time":"2022-04-12T15:31:14+00:00","twitter_card":"summary_large_image","schema":{"@context":"https:\/\/schema.org","@graph":[{"@type":"WebPage","@id":"https:\/\/www.lehub-privilodges.com\/en\/les-evenements\/","url":"https:\/\/www.lehub-privilodges.com\/en\/les-evenements\/","name":"Les \u00e9v\u00e8nements autour de Grenoble by Le H\u00fcb","isPartOf":{"@id":"https:\/\/www.lehub-privilodges.com\/#website"},"datePublished":"2019-04-16T11:59:16+00:00","dateModified":"2022-04-12T15:31:14+00:00","description":"Soire\u0301es a\u0300 the\u0300me, expositions, confe\u0301rences... Au Hu\u0308b, il se passe toujours quelque chose.Mais rassurez-vous, pas de tapage nocturne ;)","breadcrumb":{"@id":"https:\/\/www.lehub-privilodges.com\/en\/les-evenements\/#breadcrumb"},"inLanguage":"en-US","potentialAction":[{"@type":"ReadAction","target":["https:\/\/www.lehub-privilodges.com\/en\/les-evenements\/"]}]},{"@type":"BreadcrumbList","@id":"https:\/\/www.lehub-privilodges.com\/en\/les-evenements\/#breadcrumb","itemListElement":[{"@type":"ListItem","position":1,"name":"Accueil","item":"https:\/\/www.lehub-privilodges.com\/en\/"},{"@type":"ListItem","position":2,"name":"Les \u00e9v\u00e9nements"}]},{"@type":"WebSite","@id":"https:\/\/www.lehub-privilodges.com\/#website","url":"https:\/\/www.lehub-privilodges.com\/","name":"Le H\u00fcb","description":"Connecteur de vies !","potentialAction":[{"@type":"SearchAction","target":{"@type":"EntryPoint","urlTemplate":"https:\/\/www.lehub-privilodges.com\/?s={search_term_string}"},"query-input":{"@type":"PropertyValueSpecification","valueRequired":true,"valueName":"search_term_string"}}],"inLanguage":"en-US"}]}},"_links":{"self":[{"href":"https:\/\/www.lehub-privilodges.com\/en\/wp-json\/wp\/v2\/pages\/867","targetHints":{"allow":["GET"]}}],"collection":[{"href":"https:\/\/www.lehub-privilodges.com\/en\/wp-json\/wp\/v2\/pages"}],"about":[{"href":"https:\/\/www.lehub-privilodges.com\/en\/wp-json\/wp\/v2\/types\/page"}],"author":[{"embeddable":true,"href":"https:\/\/www.lehub-privilodges.com\/en\/wp-json\/wp\/v2\/users\/2"}],"replies":[{"embeddable":true,"href":"https:\/\/www.lehub-privilodges.com\/en\/wp-json\/wp\/v2\/comments?post=867"}],"version-history":[{"count":7,"href":"https:\/\/www.lehub-privilodges.com\/en\/wp-json\/wp\/v2\/pages\/867\/revisions"}],"predecessor-version":[{"id":2169,"href":"https:\/\/www.lehub-privilodges.com\/en\/wp-json\/wp\/v2\/pages\/867\/revisions\/2169"}],"wp:attachment":[{"href":"https:\/\/www.lehub-privilodges.com\/en\/wp-json\/wp\/v2\/media?parent=867"}],"wp:term":[{"taxonomy":"category","embeddable":true,"href":"https:\/\/www.lehub-privilodges.com\/en\/wp-json\/wp\/v2\/categories?post=867"},{"taxonomy":"post_tag","embeddable":true,"href":"https:\/\/www.lehub-privilodges.com\/en\/wp-json\/wp\/v2\/tags?post=867"}],"curies":[{"name":"wp","href":"https:\/\/api.w.org\/{rel}","templated":true}]}}